{"id":15432,"date":"2022-08-23T14:47:26","date_gmt":"2022-08-23T12:47:26","guid":{"rendered":"https:\/\/fruehwald.hr\/videos\/"},"modified":"2023-11-13T12:00:55","modified_gmt":"2023-11-13T11:00:55","slug":"videos","status":"publish","type":"page","link":"https:\/\/fruehwald.hr\/en\/videos\/","title":{"rendered":"Videos"},"content":{"rendered":"\t<div class=\"sf-hero-image\" id=\"sf-hero-image-a2cb03ef0f51e8c3088ff900f413920007c02c379eb72be2782b9f6c06db83f8\" style=\"background-image: url(https:\/\/fruehwald.hr\/wp-content\/uploads\/sites\/6\/2022\/10\/S47_meer_v2.jpg); background-position: center center\">\n        <div class=\"carpet\"><\/div>\n                    <div class=\"inner\">\n\t                                <h1>Videos<\/h1>\n\t            \t                        <\/div>\n        \n        \n        \n        \t<\/div>\n\t    <style>\n                    <\/style>\n    \n<div style=\"height:150px\" aria-hidden=\"true\" class=\"wp-block-spacer\"><\/div>\n\n<div class=\"wp-block-fruehwald-area container\">\n<div class=\"wp-block-columns\">\n<div class=\"wp-block-column\">\n<figure class=\"wp-block-embed is-type-video is-provider-youtube wp-block-embed-youtube wp-embed-aspect-16-9 wp-has-aspect-ratio\"><div class=\"wp-block-embed__wrapper\">\n<div class=\"sf-cookie-consent-blocked no-consent\" data-consent-id=\"youtube\" style=\"width: 500px; height: 281px;\">\n    <div class=\"config\" style=\"display: none\">&lt;iframe loading=&quot;lazy&quot; title=&quot;Betonske plo\u010de Finessa - ure\u0111enje oku\u0107nice&quot; width=&quot;500&quot; height=&quot;281&quot; src=&quot;https:\/\/www.youtube.com\/embed\/37VHK8-nxwY?feature=oembed&quot; frameborder=&quot;0&quot; allow=&quot;accelerometer; autoplay; clipboard-write; encrypted-media; gyroscope; picture-in-picture; web-share&quot; allowfullscreen&gt;&lt;\/iframe&gt;<\/div>\n    <div class=\"no-consent\" style=\"display: none\">\n        <p>\n            Sie haben dem Laden von Youtube-Videos nicht zugestimmt wodurch dieses Video nicht angezeigt werden kann.\n        <\/p>\n        <a href=\"javascript:void(0)\" class=\"sf-reopen-consent button sf-button sf-button-black\">Einstellungen erneut \u00f6ffnen<\/a>    \n    <\/div>\n    <div class=\"consent-container\"><\/div>\n<\/div>\n<\/div><\/figure>\n<\/div>\n\n\n\n<div class=\"wp-block-column\"><\/div>\n<\/div>\n\n\n\n<div style=\"height:100px\" aria-hidden=\"true\" class=\"wp-block-spacer\"><\/div>\n\n\n\n<div class=\"wp-block-columns\">\n<div class=\"wp-block-column\">\n<figure class=\"wp-block-embed is-type-video is-provider-youtube wp-block-embed-youtube wp-embed-aspect-16-9 wp-has-aspect-ratio\"><div class=\"wp-block-embed__wrapper\">\n<div class=\"sf-cookie-consent-blocked no-consent\" data-consent-id=\"youtube\" style=\"width: 500px; height: 281px;\">\n    <div class=\"config\" style=\"display: none\">&lt;iframe loading=&quot;lazy&quot; title=&quot;Kreirajte svoju oku\u0107nicu u nekoliko klikova - Garden creator by Fr\u00fchwald&quot; width=&quot;500&quot; height=&quot;281&quot; src=&quot;https:\/\/www.youtube.com\/embed\/ZsL-uTfWIxU?feature=oembed&quot; frameborder=&quot;0&quot; allow=&quot;accelerometer; autoplay; clipboard-write; encrypted-media; gyroscope; picture-in-picture; web-share&quot; allowfullscreen&gt;&lt;\/iframe&gt;<\/div>\n    <div class=\"no-consent\" style=\"display: none\">\n        <p>\n            Sie haben dem Laden von Youtube-Videos nicht zugestimmt wodurch dieses Video nicht angezeigt werden kann.\n        <\/p>\n        <a href=\"javascript:void(0)\" class=\"sf-reopen-consent button sf-button sf-button-black\">Einstellungen erneut \u00f6ffnen<\/a>    \n    <\/div>\n    <div class=\"consent-container\"><\/div>\n<\/div>\n<\/div><\/figure>\n<\/div>\n\n\n\n<div class=\"wp-block-column\"><\/div>\n<\/div>\n<\/div>\n\n<div style=\"height:100px\" aria-hidden=\"true\" class=\"wp-block-spacer\"><\/div>\n","protected":false},"excerpt":{"rendered":"","protected":false},"author":19,"featured_media":0,"parent":0,"menu_order":0,"comment_status":"closed","ping_status":"closed","template":"","meta":{"inline_featured_image":false},"yoast_head":"<!-- This site is optimized with the Yoast SEO plugin v18.8 - https:\/\/yoast.com\/wordpress\/plugins\/seo\/ -->\n<title>How To videos of Fr\u00fchwald with cobblestones and design elements<\/title>\n<meta name=\"description\" content=\"Verlegen wie die Profis. With our How-To videos we show you how to lay paving stones correctly or use them as design elements.\" \/>\n<meta name=\"robots\" content=\"index, follow, max-snippet:-1, max-image-preview:large, max-video-preview:-1\" \/>\n<link rel=\"canonical\" href=\"https:\/\/fruehwald.hr\/en\/videos\/\" \/>\n<meta property=\"og:locale\" content=\"en_US\" \/>\n<meta property=\"og:type\" content=\"article\" \/>\n<meta property=\"og:title\" content=\"How To videos of Fr\u00fchwald with cobblestones and design elements\" \/>\n<meta property=\"og:description\" content=\"Verlegen wie die Profis. With our How-To videos we show you how to lay paving stones correctly or use them as design elements.\" \/>\n<meta property=\"og:url\" content=\"https:\/\/fruehwald.hr\/en\/videos\/\" \/>\n<meta property=\"og:site_name\" content=\"Fr\u00fchwald HR\" \/>\n<meta property=\"article:modified_time\" content=\"2023-11-13T11:00:55+00:00\" \/>\n<meta name=\"twitter:card\" content=\"summary_large_image\" \/>\n<script type=\"application\/ld+json\" class=\"yoast-schema-graph\">{\"@context\":\"https:\/\/schema.org\",\"@graph\":[{\"@type\":\"WebSite\",\"@id\":\"https:\/\/fruehwald.hr\/#website\",\"url\":\"https:\/\/fruehwald.hr\/\",\"name\":\"Fr\u00fchwald HR\",\"description\":\"\",\"potentialAction\":[{\"@type\":\"SearchAction\",\"target\":{\"@type\":\"EntryPoint\",\"urlTemplate\":\"https:\/\/fruehwald.hr\/?s={search_term_string}\"},\"query-input\":\"required name=search_term_string\"}],\"inLanguage\":\"en-US\"},{\"@type\":\"WebPage\",\"@id\":\"https:\/\/fruehwald.hr\/en\/videos\/#webpage\",\"url\":\"https:\/\/fruehwald.hr\/en\/videos\/\",\"name\":\"How To videos of Fr\u00fchwald with cobblestones and design elements\",\"isPartOf\":{\"@id\":\"https:\/\/fruehwald.hr\/#website\"},\"datePublished\":\"2022-08-23T12:47:26+00:00\",\"dateModified\":\"2023-11-13T11:00:55+00:00\",\"description\":\"Verlegen wie die Profis. With our How-To videos we show you how to lay paving stones correctly or use them as design elements.\",\"breadcrumb\":{\"@id\":\"https:\/\/fruehwald.hr\/en\/videos\/#breadcrumb\"},\"inLanguage\":\"en-US\",\"potentialAction\":[{\"@type\":\"ReadAction\",\"target\":[\"https:\/\/fruehwald.hr\/en\/videos\/\"]}]},{\"@type\":\"BreadcrumbList\",\"@id\":\"https:\/\/fruehwald.hr\/en\/videos\/#breadcrumb\",\"itemListElement\":[{\"@type\":\"ListItem\",\"position\":1,\"name\":\"Videos\"}]}]}<\/script>\n<!-- \/ Yoast SEO plugin. -->","yoast_head_json":{"title":"How To videos of Fr\u00fchwald with cobblestones and design elements","description":"Verlegen wie die Profis. With our How-To videos we show you how to lay paving stones correctly or use them as design elements.","robots":{"index":"index","follow":"follow","max-snippet":"max-snippet:-1","max-image-preview":"max-image-preview:large","max-video-preview":"max-video-preview:-1"},"canonical":"https:\/\/fruehwald.hr\/en\/videos\/","og_locale":"en_US","og_type":"article","og_title":"How To videos of Fr\u00fchwald with cobblestones and design elements","og_description":"Verlegen wie die Profis. With our How-To videos we show you how to lay paving stones correctly or use them as design elements.","og_url":"https:\/\/fruehwald.hr\/en\/videos\/","og_site_name":"Fr\u00fchwald HR","article_modified_time":"2023-11-13T11:00:55+00:00","twitter_card":"summary_large_image","schema":{"@context":"https:\/\/schema.org","@graph":[{"@type":"WebSite","@id":"https:\/\/fruehwald.hr\/#website","url":"https:\/\/fruehwald.hr\/","name":"Fr\u00fchwald HR","description":"","potentialAction":[{"@type":"SearchAction","target":{"@type":"EntryPoint","urlTemplate":"https:\/\/fruehwald.hr\/?s={search_term_string}"},"query-input":"required name=search_term_string"}],"inLanguage":"en-US"},{"@type":"WebPage","@id":"https:\/\/fruehwald.hr\/en\/videos\/#webpage","url":"https:\/\/fruehwald.hr\/en\/videos\/","name":"How To videos of Fr\u00fchwald with cobblestones and design elements","isPartOf":{"@id":"https:\/\/fruehwald.hr\/#website"},"datePublished":"2022-08-23T12:47:26+00:00","dateModified":"2023-11-13T11:00:55+00:00","description":"Verlegen wie die Profis. With our How-To videos we show you how to lay paving stones correctly or use them as design elements.","breadcrumb":{"@id":"https:\/\/fruehwald.hr\/en\/videos\/#breadcrumb"},"inLanguage":"en-US","potentialAction":[{"@type":"ReadAction","target":["https:\/\/fruehwald.hr\/en\/videos\/"]}]},{"@type":"BreadcrumbList","@id":"https:\/\/fruehwald.hr\/en\/videos\/#breadcrumb","itemListElement":[{"@type":"ListItem","position":1,"name":"Videos"}]}]}},"acf":[],"_links":{"self":[{"href":"https:\/\/fruehwald.hr\/en\/wp-json\/wp\/v2\/pages\/15432"}],"collection":[{"href":"https:\/\/fruehwald.hr\/en\/wp-json\/wp\/v2\/pages"}],"about":[{"href":"https:\/\/fruehwald.hr\/en\/wp-json\/wp\/v2\/types\/page"}],"author":[{"embeddable":true,"href":"https:\/\/fruehwald.hr\/en\/wp-json\/wp\/v2\/users\/19"}],"replies":[{"embeddable":true,"href":"https:\/\/fruehwald.hr\/en\/wp-json\/wp\/v2\/comments?post=15432"}],"version-history":[{"count":5,"href":"https:\/\/fruehwald.hr\/en\/wp-json\/wp\/v2\/pages\/15432\/revisions"}],"predecessor-version":[{"id":15439,"href":"https:\/\/fruehwald.hr\/en\/wp-json\/wp\/v2\/pages\/15432\/revisions\/15439"}],"wp:attachment":[{"href":"https:\/\/fruehwald.hr\/en\/wp-json\/wp\/v2\/media?parent=15432"}],"curies":[{"name":"wp","href":"https:\/\/api.w.org\/{rel}","templated":true}]}}